{"id":1637,"date":"2024-11-28T19:16:57","date_gmt":"2024-11-28T18:16:57","guid":{"rendered":"https:\/\/brilliane.eu\/?post_type=product&#038;p=1637"},"modified":"2025-05-04T12:48:25","modified_gmt":"2025-05-04T10:48:25","slug":"set-neon-green-skirt-and-sleeves","status":"publish","type":"product","link":"https:\/\/brilliane.eu\/en\/shop\/set-neon-green-skirt-and-sleeves\/","title":{"rendered":"SET PURPLE &#8211; sp\u00f3dnica i r\u0119kawy"},"content":{"rendered":"","protected":false},"excerpt":{"rendered":"<p>Unique set: sleeves and skirtWyj\u0105tkowy zestaw sp\u00f3dnica i r\u0119kawy.<\/p>\n","protected":false},"featured_media":1820,"comment_status":"open","ping_status":"closed","template":"","meta":[],"product_brand":[],"product_cat":[83,122,76],"product_tag":[],"class_list":{"0":"post-1637","1":"product","2":"type-product","3":"status-publish","4":"has-post-thumbnail","6":"product_cat-costume-bases","7":"product_cat-costumes-and-accessories","8":"product_cat-new","10":"first","11":"outofstock","12":"shipping-taxable","13":"purchasable","14":"product-type-simple"},"_links":{"self":[{"href":"https:\/\/brilliane.eu\/en\/wp-json\/wp\/v2\/product\/1637","targetHints":{"allow":["GET"]}}],"collection":[{"href":"https:\/\/brilliane.eu\/en\/wp-json\/wp\/v2\/product"}],"about":[{"href":"https:\/\/brilliane.eu\/en\/wp-json\/wp\/v2\/types\/product"}],"replies":[{"embeddable":true,"href":"https:\/\/brilliane.eu\/en\/wp-json\/wp\/v2\/comments?post=1637"}],"wp:featuredmedia":[{"embeddable":true,"href":"https:\/\/brilliane.eu\/en\/wp-json\/wp\/v2\/media\/1820"}],"wp:attachment":[{"href":"https:\/\/brilliane.eu\/en\/wp-json\/wp\/v2\/media?parent=1637"}],"wp:term":[{"taxonomy":"product_brand","embeddable":true,"href":"https:\/\/brilliane.eu\/en\/wp-json\/wp\/v2\/product_brand?post=1637"},{"taxonomy":"product_cat","embeddable":true,"href":"https:\/\/brilliane.eu\/en\/wp-json\/wp\/v2\/product_cat?post=1637"},{"taxonomy":"product_tag","embeddable":true,"href":"https:\/\/brilliane.eu\/en\/wp-json\/wp\/v2\/product_tag?post=1637"}],"curies":[{"name":"wp","href":"https:\/\/api.w.org\/{rel}","templated":true}]}}